{"id":3784,"date":"2026-04-09T10:00:55","date_gmt":"2026-04-09T08:00:55","guid":{"rendered":"http:\/\/www.rinke-maschinenbau.de\/?page_id=3784"},"modified":"2026-04-09T11:58:05","modified_gmt":"2026-04-09T09:58:05","slug":"references","status":"publish","type":"page","link":"https:\/\/www.rinke-maschinenbau.de\/en\/references\/","title":{"rendered":"References and customers of Rinke Maschinenbau"},"content":{"rendered":"<div class='flex_column av-gbg9l0-636765530a76927bc6b84a3f51f14d8d av_one_fifth  avia-builder-el-0  el_before_av_four_fifth  avia-builder-el-first  first flex_column_div '   ><p><br \/>\n\n<style type=\"text\/css\" data-created_by=\"avia_inline_auto\" id=\"style-css-av-cme3lg-9f9b53e94767d1f9c9214b034a2d048d\">\n#top .av_textblock_section.av-cme3lg-9f9b53e94767d1f9c9214b034a2d048d .avia_textblock{\nfont-size:24px;\n}\n<\/style>\n<section  class='av_textblock_section av-cme3lg-9f9b53e94767d1f9c9214b034a2d048d'  itemscope=\"itemscope\" itemtype=\"https:\/\/schema.org\/CreativeWork\" ><div class='avia_textblock'  itemprop=\"text\" ><\/div><\/section><\/p><\/div>\n<div class='flex_column av-a8gtkk-2387b7612cd0a6797aa9f0c467b14771 av_four_fifth  avia-builder-el-3  el_after_av_one_fifth  el_before_av_one_fifth  flex_column_div '   ><style type=\"text\/css\" data-created_by=\"avia_inline_auto\" id=\"style-css-av-ki8nqi6o-e615bea9287427a16eb77cff978550a2\">\n#top .av-special-heading.av-ki8nqi6o-e615bea9287427a16eb77cff978550a2{\npadding-bottom:10px;\n}\nbody .av-special-heading.av-ki8nqi6o-e615bea9287427a16eb77cff978550a2 .av-special-heading-tag .heading-char{\nfont-size:25px;\n}\n.av-special-heading.av-ki8nqi6o-e615bea9287427a16eb77cff978550a2 .av-subheading{\nfont-size:15px;\n}\n<\/style>\n<div  class='av-special-heading av-ki8nqi6o-e615bea9287427a16eb77cff978550a2 av-special-heading-h2 blockquote modern-quote  avia-builder-el-4  avia-builder-el-no-sibling  av-linked-heading'><h2 class='av-special-heading-tag'  itemprop=\"headline\"  >References<\/h2><div class='av-subheading av-subheading_below'><p>Well know companies from Germany and Europe are our customers<\/p>\n<\/div><div class=\"special-heading-border\"><div class=\"special-heading-inner-border\"><\/div><\/div><\/div><\/div>\n<div class='flex_column av-5g0m78-9aef08fccb15688a59663c510e389c67 av_one_fifth  avia-builder-el-5  el_after_av_four_fifth  el_before_av_four_fifth  first flex_column_div '   ><\/div>\n<div class='flex_column av-4be7lg-f2f8009e7711d9ecad1cf110ed48cd30 av_four_fifth  avia-builder-el-6  el_after_av_one_fifth  avia-builder-el-last  flex_column_div '   ><section  class='av_textblock_section av-231jsk-3defbcb803c62e300275f1b144920ab6'  itemscope=\"itemscope\" itemtype=\"https:\/\/schema.org\/CreativeWork\" ><div class='avia_textblock'  itemprop=\"text\" ><ul>\n<li>A. MANNESMANN MASCHINENFABRIK &#8211; Remscheid<\/li>\n<li>A+N Pott &#8211; Remscheid<\/li>\n<li>ALSTOM &#8211; Hattingen<\/li>\n<li>ArcelorMittal &#8211; Bremen<\/li>\n<li>Breuer Motoren &#8211; L\u00fcnen<\/li>\n<li>Dango &amp; Dienenthal &#8211; Siegen<\/li>\n<li>Dirostahl Karl Diederichs &#8211; Remscheid<\/li>\n<li>D\u00f6mer &#8211; Lennestadt<\/li>\n<li>ELKO K\u00f6nig &#8211; Rankweil, Austria<\/li>\n<li>Evonik Industries &#8211; Marl<\/li>\n<li>Evonik Industries &#8211; Wesseling<\/li>\n<li>FCMD &#8211; Hattingen<\/li>\n<li>FRANZ D\u00dcRHOLDT &#8211; Wuppertal<\/li>\n<li>Fudickar Leichtbau (ThyssenKrupp Schulte) &#8211; Haan<\/li>\n<li>Georg Fischer &#8211; Altenmarkt, Austria<\/li>\n<li>Georg Maschinentechnik &#8211; Neitersen<\/li>\n<li>Gutehoffnungsh\u00fctte Radsatz GmbH &#8211; Oberhausen<\/li>\n<li>HBT Hauhinco Bergbau Technik- L\u00fcnen<\/li>\n<li>Henschel Antriebstechnik &#8211; Kassel<\/li>\n<li>Klingelnberg &#8211; Wermelskirchen<\/li>\n<li>Kohlhage Verbindungstechnik &#8211; Neuenrade<\/li>\n<li>Kolbenschmidt &#8211; Hamburg<\/li>\n<li>KS Gleitlager &#8211; Papenburg (RHEINMETALL)<\/li>\n<li>Kugel- und Rollenlagerwerk &#8211; Leipzig<\/li>\n<li>L\u00fctgert &amp; Co. Eisengie\u00dferei und Maschinenfabrik &#8211; G\u00fctersloh<\/li>\n<li>M.A.T. Malmedie Antriebstechnik &#8211; Solingen<\/li>\n<li>MAN Diesel &amp; Turbo &#8211; Oberhausen<\/li>\n<li>Mannstaedt-Werke &#8211; Troisdorf<\/li>\n<li>Mark-Metall &#8211; Wetter<\/li>\n<li>Mercedes-Benz &#8211; Stuttgart<\/li>\n<li>MIXACO\u00a0Dr. Herfeld &#8211; Neuenrade<\/li>\n<li>osthoff-senge &#8211; Wuppertal<\/li>\n<li>Otto Fuchs Metallwerke &#8211; Meinerzhagen<\/li>\n<li>Peiner-Tr\u00e4ger (Salzgitter AG) \u2013 Peine<\/li>\n<li>RHI Magnesita &#8211; K\u00f6nigswinter<\/li>\n<li>R\u00f6telmann &#8211; Werdohl<\/li>\n<li>Saarstahl &#8211; Neunkirchen \/ Saar<\/li>\n<li>Salzgitter &#8211; Salzgitter<\/li>\n<li>Salzgitter Flachstahl &#8211; Salzgitter<\/li>\n<li>Salzgitter Mannesmann Grobblech &#8211; M\u00fclheim a. d. Ruhr<\/li>\n<li>Salzgitter Mannesmann Pr\u00e4zisrohr &#8211; Burbach<\/li>\n<li>Salzgitter Mannesmann Stainless Tubes Deutschland &#8211; Remscheid<\/li>\n<li>Schaeffler &#8211; Herzogenaurach<\/li>\n<li>Schaeffler &#8211; Schweinfurt<\/li>\n<li>Schaeffler &#8211; Wuppertal<\/li>\n<li>Schaeffler Rom\u00e2nia &#8211; Cristian \/ Brasov, Rumania<\/li>\n<li>Schmitz Cargobull &#8211; Altenberge<\/li>\n<li>Schneider CNC-Technik Aerospace &#8211; Siegen<\/li>\n<li>Siemens Energy &#8211; Berlin (KWU)<\/li>\n<li>Siemens Energy &#8211; Duisburg<\/li>\n<li>Supfina Grieshaber &#8211; Remscheid<\/li>\n<li>Taprogge GmbH &#8211; Wetter a. d. Ruhr<\/li>\n<li>TECNICA &#8211; Marcheno \/ Italia<\/li>\n<li>Thyssen Krupp Gerlach &#8211; Remscheid<\/li>\n<li>Traber Pr\u00e4zisionsschleiferei &#8211; Stuttgart<\/li>\n<li>TYROLIT &#8211; Neuenrade<\/li>\n<li>Vinzenz Wiederholt &#8211; Holzwickede<\/li>\n<li>Welte Cardan-Service &#8211; Essen<\/li>\n<li>Werkzeugtechnik Plettenberg &#8211; Plettenberg<\/li>\n<li>Wink Stanzwerkzeuge &#8211; Neuenhaus<\/li>\n<li>and many more &#8230;<\/li>\n<\/ul>\n<\/div><\/section><\/div>\n","protected":false},"excerpt":{"rendered":"","protected":false},"author":2,"featured_media":0,"parent":0,"menu_order":0,"comment_status":"closed","ping_status":"closed","template":"","meta":{"footnotes":""},"class_list":["post-3784","page","type-page","status-publish","hentry"],"yoast_head":"<!-- This site is optimized with the Yoast SEO plugin v27.3 - https:\/\/yoast.com\/product\/yoast-seo-wordpress\/ -->\n<title>References and customers of Rinke Maschinenbau - Rinke Maschinenbau -<\/title>\n<meta name=\"description\" content=\"References and customers of Rinke Maschinenbau in the field of machine tools and plants including control technology\" \/>\n<meta name=\"robots\" content=\"index, follow, max-snippet:-1, max-image-preview:large, max-video-preview:-1\" \/>\n<link rel=\"canonical\" href=\"https:\/\/www.rinke-maschinenbau.de\/en\/references\/\" \/>\n<meta property=\"og:locale\" content=\"en_US\" \/>\n<meta property=\"og:type\" content=\"article\" \/>\n<meta property=\"og:title\" content=\"References and customers of Rinke Maschinenbau - Rinke Maschinenbau -\" \/>\n<meta property=\"og:description\" content=\"References and customers of Rinke Maschinenbau in the field of machine tools and plants including control technology\" \/>\n<meta property=\"og:url\" content=\"https:\/\/www.rinke-maschinenbau.de\/en\/references\/\" \/>\n<meta property=\"og:site_name\" content=\"Rinke Maschinenbau\" \/>\n<meta property=\"article:publisher\" content=\"https:\/\/www.facebook.com\/Rinke-Maschinenbau-513582795486692\/\" \/>\n<meta property=\"article:modified_time\" content=\"2026-04-09T09:58:05+00:00\" \/>\n<meta name=\"twitter:card\" content=\"summary_large_image\" \/>\n<meta name=\"twitter:label1\" content=\"Est. reading time\" \/>\n\t<meta name=\"twitter:data1\" content=\"2 minutes\" \/>\n<script type=\"application\/ld+json\" class=\"yoast-schema-graph\">{\"@context\":\"https:\\\/\\\/schema.org\",\"@graph\":[{\"@type\":\"WebPage\",\"@id\":\"https:\\\/\\\/www.rinke-maschinenbau.de\\\/en\\\/references\\\/\",\"url\":\"https:\\\/\\\/www.rinke-maschinenbau.de\\\/en\\\/references\\\/\",\"name\":\"References and customers of Rinke Maschinenbau - Rinke Maschinenbau -\",\"isPartOf\":{\"@id\":\"https:\\\/\\\/www.rinke-maschinenbau.de\\\/en\\\/#website\"},\"datePublished\":\"2026-04-09T08:00:55+00:00\",\"dateModified\":\"2026-04-09T09:58:05+00:00\",\"description\":\"References and customers of Rinke Maschinenbau in the field of machine tools and plants including control technology\",\"breadcrumb\":{\"@id\":\"https:\\\/\\\/www.rinke-maschinenbau.de\\\/en\\\/references\\\/#breadcrumb\"},\"inLanguage\":\"en-US\",\"potentialAction\":[{\"@type\":\"ReadAction\",\"target\":[\"https:\\\/\\\/www.rinke-maschinenbau.de\\\/en\\\/references\\\/\"]}]},{\"@type\":\"BreadcrumbList\",\"@id\":\"https:\\\/\\\/www.rinke-maschinenbau.de\\\/en\\\/references\\\/#breadcrumb\",\"itemListElement\":[{\"@type\":\"ListItem\",\"position\":1,\"name\":\"Startseite\",\"item\":\"https:\\\/\\\/www.rinke-maschinenbau.de\\\/en\\\/retrofit-machine-tools\\\/\"},{\"@type\":\"ListItem\",\"position\":2,\"name\":\"References and customers of Rinke Maschinenbau\"}]},{\"@type\":\"WebSite\",\"@id\":\"https:\\\/\\\/www.rinke-maschinenbau.de\\\/en\\\/#website\",\"url\":\"https:\\\/\\\/www.rinke-maschinenbau.de\\\/en\\\/\",\"name\":\"Rinke Maschinenbau Werkzeugmaschinen\",\"description\":\"Reparatur und Modernisierung von Werkzeugmaschinen\",\"publisher\":{\"@id\":\"https:\\\/\\\/www.rinke-maschinenbau.de\\\/en\\\/#organization\"},\"potentialAction\":[{\"@type\":\"SearchAction\",\"target\":{\"@type\":\"EntryPoint\",\"urlTemplate\":\"https:\\\/\\\/www.rinke-maschinenbau.de\\\/en\\\/?s={search_term_string}\"},\"query-input\":{\"@type\":\"PropertyValueSpecification\",\"valueRequired\":true,\"valueName\":\"search_term_string\"}}],\"inLanguage\":\"en-US\"},{\"@type\":\"Organization\",\"@id\":\"https:\\\/\\\/www.rinke-maschinenbau.de\\\/en\\\/#organization\",\"name\":\"Rinke Maschinenbau\",\"url\":\"https:\\\/\\\/www.rinke-maschinenbau.de\\\/en\\\/\",\"logo\":{\"@type\":\"ImageObject\",\"inLanguage\":\"en-US\",\"@id\":\"https:\\\/\\\/www.rinke-maschinenbau.de\\\/en\\\/#\\\/schema\\\/logo\\\/image\\\/\",\"url\":\"https:\\\/\\\/www.rinke-maschinenbau.de\\\/wp-content\\\/uploads\\\/2017\\\/05\\\/RM-Enzianblau-RAL-5010_512x512.jpg\",\"contentUrl\":\"https:\\\/\\\/www.rinke-maschinenbau.de\\\/wp-content\\\/uploads\\\/2017\\\/05\\\/RM-Enzianblau-RAL-5010_512x512.jpg\",\"width\":512,\"height\":512,\"caption\":\"Rinke Maschinenbau\"},\"image\":{\"@id\":\"https:\\\/\\\/www.rinke-maschinenbau.de\\\/en\\\/#\\\/schema\\\/logo\\\/image\\\/\"},\"sameAs\":[\"https:\\\/\\\/www.facebook.com\\\/Rinke-Maschinenbau-513582795486692\\\/\",\"https:\\\/\\\/www.youtube.com\\\/channel\\\/UCn_11lST79_ruXBxy7VnMlw\\\/featured\"]}]}<\/script>\n<!-- \/ Yoast SEO plugin. -->","yoast_head_json":{"title":"References and customers of Rinke Maschinenbau - Rinke Maschinenbau -","description":"References and customers of Rinke Maschinenbau in the field of machine tools and plants including control technology","robots":{"index":"index","follow":"follow","max-snippet":"max-snippet:-1","max-image-preview":"max-image-preview:large","max-video-preview":"max-video-preview:-1"},"canonical":"https:\/\/www.rinke-maschinenbau.de\/en\/references\/","og_locale":"en_US","og_type":"article","og_title":"References and customers of Rinke Maschinenbau - Rinke Maschinenbau -","og_description":"References and customers of Rinke Maschinenbau in the field of machine tools and plants including control technology","og_url":"https:\/\/www.rinke-maschinenbau.de\/en\/references\/","og_site_name":"Rinke Maschinenbau","article_publisher":"https:\/\/www.facebook.com\/Rinke-Maschinenbau-513582795486692\/","article_modified_time":"2026-04-09T09:58:05+00:00","twitter_card":"summary_large_image","twitter_misc":{"Est. reading time":"2 minutes"},"schema":{"@context":"https:\/\/schema.org","@graph":[{"@type":"WebPage","@id":"https:\/\/www.rinke-maschinenbau.de\/en\/references\/","url":"https:\/\/www.rinke-maschinenbau.de\/en\/references\/","name":"References and customers of Rinke Maschinenbau - Rinke Maschinenbau -","isPartOf":{"@id":"https:\/\/www.rinke-maschinenbau.de\/en\/#website"},"datePublished":"2026-04-09T08:00:55+00:00","dateModified":"2026-04-09T09:58:05+00:00","description":"References and customers of Rinke Maschinenbau in the field of machine tools and plants including control technology","breadcrumb":{"@id":"https:\/\/www.rinke-maschinenbau.de\/en\/references\/#breadcrumb"},"inLanguage":"en-US","potentialAction":[{"@type":"ReadAction","target":["https:\/\/www.rinke-maschinenbau.de\/en\/references\/"]}]},{"@type":"BreadcrumbList","@id":"https:\/\/www.rinke-maschinenbau.de\/en\/references\/#breadcrumb","itemListElement":[{"@type":"ListItem","position":1,"name":"Startseite","item":"https:\/\/www.rinke-maschinenbau.de\/en\/retrofit-machine-tools\/"},{"@type":"ListItem","position":2,"name":"References and customers of Rinke Maschinenbau"}]},{"@type":"WebSite","@id":"https:\/\/www.rinke-maschinenbau.de\/en\/#website","url":"https:\/\/www.rinke-maschinenbau.de\/en\/","name":"Rinke Maschinenbau Werkzeugmaschinen","description":"Reparatur und Modernisierung von Werkzeugmaschinen","publisher":{"@id":"https:\/\/www.rinke-maschinenbau.de\/en\/#organization"},"potentialAction":[{"@type":"SearchAction","target":{"@type":"EntryPoint","urlTemplate":"https:\/\/www.rinke-maschinenbau.de\/en\/?s={search_term_string}"},"query-input":{"@type":"PropertyValueSpecification","valueRequired":true,"valueName":"search_term_string"}}],"inLanguage":"en-US"},{"@type":"Organization","@id":"https:\/\/www.rinke-maschinenbau.de\/en\/#organization","name":"Rinke Maschinenbau","url":"https:\/\/www.rinke-maschinenbau.de\/en\/","logo":{"@type":"ImageObject","inLanguage":"en-US","@id":"https:\/\/www.rinke-maschinenbau.de\/en\/#\/schema\/logo\/image\/","url":"https:\/\/www.rinke-maschinenbau.de\/wp-content\/uploads\/2017\/05\/RM-Enzianblau-RAL-5010_512x512.jpg","contentUrl":"https:\/\/www.rinke-maschinenbau.de\/wp-content\/uploads\/2017\/05\/RM-Enzianblau-RAL-5010_512x512.jpg","width":512,"height":512,"caption":"Rinke Maschinenbau"},"image":{"@id":"https:\/\/www.rinke-maschinenbau.de\/en\/#\/schema\/logo\/image\/"},"sameAs":["https:\/\/www.facebook.com\/Rinke-Maschinenbau-513582795486692\/","https:\/\/www.youtube.com\/channel\/UCn_11lST79_ruXBxy7VnMlw\/featured"]}]}},"_links":{"self":[{"href":"https:\/\/www.rinke-maschinenbau.de\/en\/wp-json\/wp\/v2\/pages\/3784","targetHints":{"allow":["GET"]}}],"collection":[{"href":"https:\/\/www.rinke-maschinenbau.de\/en\/wp-json\/wp\/v2\/pages"}],"about":[{"href":"https:\/\/www.rinke-maschinenbau.de\/en\/wp-json\/wp\/v2\/types\/page"}],"author":[{"embeddable":true,"href":"https:\/\/www.rinke-maschinenbau.de\/en\/wp-json\/wp\/v2\/users\/2"}],"replies":[{"embeddable":true,"href":"https:\/\/www.rinke-maschinenbau.de\/en\/wp-json\/wp\/v2\/comments?post=3784"}],"version-history":[{"count":3,"href":"https:\/\/www.rinke-maschinenbau.de\/en\/wp-json\/wp\/v2\/pages\/3784\/revisions"}],"predecessor-version":[{"id":7968,"href":"https:\/\/www.rinke-maschinenbau.de\/en\/wp-json\/wp\/v2\/pages\/3784\/revisions\/7968"}],"wp:attachment":[{"href":"https:\/\/www.rinke-maschinenbau.de\/en\/wp-json\/wp\/v2\/media?parent=3784"}],"curies":[{"name":"wp","href":"https:\/\/api.w.org\/{rel}","templated":true}]}}